{"id":447,"date":"2022-04-30T17:22:35","date_gmt":"2022-04-30T17:22:35","guid":{"rendered":"https:\/\/saharaviewtours.com\/it\/?page_id=447"},"modified":"2024-07-27T17:35:46","modified_gmt":"2024-07-27T17:35:46","slug":"faq","status":"publish","type":"page","link":"https:\/\/saharaviewtours.com\/it\/faq\/","title":{"rendered":"FAQ"},"content":{"rendered":"<p>&nbsp;<\/p>\n<p>Siamo felici di rispondere alle vostre domande, qui abbiamo raccolto quelle pi\u00f9 ricorrenti.<\/p>\n<ul>\n<li><strong>Perch\u00e9 scegliere voi?<\/strong> Conosciamo il territorio profondamente, sappiamo come muoverci. Lavoriamo nel turismo da tanti anni e abbiamo esperienza anche dall&#8217;altro lato: quello di chi viaggia. Soprattutto siamo molto simpatici. \ud83d\ude42<\/li>\n<li><strong>L\u2019assicurazione \u00e8 inclusa nel viaggio? <\/strong>No, l\u2019assicurazione non \u00e8 inclusa, ma vi consigliamo di farla.<\/li>\n<li><strong>I voli sono inclusi nel viaggio?<\/strong> No, ma possiamo aiutarvi nel trovare le offerte migliori.<\/li>\n<li><strong><span style=\"font-size: 1rem;\">Come effettuare il pagamento? <\/span><\/strong><span style=\"font-size: 1rem;\">Si blocca la data<\/span> effettuando un acconto, mentre il saldo avviene direttamente in Marocco.<\/li>\n<li><strong>Ci sono giorni fissi per la partenza?<\/strong> Per i tour privati stabiliamo insieme i giorni, anche in base ai vostri voli. Vale lo stesso se siete un gruppo famiglia o di amici. Per quanto riguarda le partenze di gruppo che proponiamo due volte all&#8217;anno, ci sono delle date precise.<\/li>\n<li><strong>Dove dormiremo?<\/strong> In strutture altamente selezionate, Riad e Hotel standard e luxury, con bagno in camera e pulitissimi.<\/li>\n<li><strong>Possiamo fare l&#8217;hammam?<\/strong> S\u00ec, possiamo aiutarvi anche in questo, con una spesa extra.<\/li>\n<li><strong>I pasti sono inclusi? <\/strong>Solitamente \u00e8 inclusa la colazione con alcune cene, ma dipende dal tour. Ci accordiamo comunque prima e se volete aggiungere anche i pranzi possiamo farlo.<\/li>\n<li><strong>Ci sono opzioni vegetariane o vegane?<\/strong> S\u00ec, l&#8217;importante \u00e8 comunicarlo per tempo. Anche Sara \u00e8 vegetariana e pu\u00f2 consigliarvi personalmente. \ud83d\ude42<\/li>\n<li><strong>Chi ci accompagner\u00e0 in viaggio?<\/strong> Un autista esperto del nostro team sar\u00e0 alla guida. Mentre, per la scoperta delle citt\u00e0, <strong><span style=\"color: #000080;\">una guida ufficiale marocchina.\u00a0<\/span><\/strong><\/li>\n<li><strong>Possiamo parlare all&#8217;autista?<\/strong> S\u00ec, di tanto in tanto. Tuttavia ricordatevi che sar\u00e0 impegnato a guidare per ore ed ore. Sarebbe meglio non distrarlo continuamente e non farlo stancare.<\/li>\n<li><strong>I prezzi sono fissi?<\/strong> I prezzi variano a seconda del tour, del numero dei partecipanti, della durata, delle vostre richieste e della stagione. Una volta stabilito insieme il tour, e bloccate le date con l&#8217;acconto, il costo non cambia.<\/li>\n<li><strong>Posso contrattare i prezzi dei tours?<\/strong> In Marocco si pu\u00f2 contrattare al souk, ma non \u00e8 rispettoso cercare di contrattare i prezzi dei tours. I professionisti devono essere pagati dignitosamente. Non ce la sentiamo di abbassare i prezzi per gli occidentali a scapito della popolazione locale.<\/li>\n<li><strong>Dove posso cambiare i soldi?<\/strong> In aeroporto (vi suggeriamo giusto 50 euro, il cambio non \u00e8 conveniente) e negli appositi uffici. Oppure puoi prelevare dagli ATM.<\/li>\n<li><strong>Le strutture hanno il wi-fi?<\/strong> Certo! Eccetto l&#8217;accampamento nel deserto. Altrimenti puoi acquistare, preventivamente e in loco, una sim marocchina con i giga che ti servono.<\/li>\n<li><strong>Dove posso acquistare una sim marocchina? <\/strong>In aeroporto spesso le regalano (senza giga), altrimenti nei negozi in citt\u00e0 o per strada ci sono spesso i ragazzi delle compagnie telefoniche. Sono riconoscibili dai giubbini o gilet.<\/li>\n<li><strong>Avremo il tempo di girare anche per conto nostro?<\/strong> Certamente, durante i nostri tours privati sono previsti dei momenti per passeggiare da soli, fare shopping o quello che preferite.<\/li>\n<\/ul>\n<h4>Un gentile invito per un turismo resposabile<\/h4>\n<p>Le persone in Marocco sono molto riservate e non amano essere fotografate o riprese. In generale \u00e8 sempre etico, ovunque nel mondo, chiedere il permesso prima ed eventualmente informarle se si intende pubblicare quei contenuti.<\/p>\n<p>Nei luoghi di sosta in cui ci sono animali selvatici vi preghiamo di non nutrirli per non alterare l&#8217;ecosistema. E di evitare, in altri, di alimentare spettacolarizzazione degli stessi. Es. foto con le scimmiette ed i serpenti in piazza Jemaa El Fna.<\/p>\n<p>Speriamo di aver risposto a tutto. Non esitate a scriverci a saharaviewtours@gmail.com per ogni evenienza!<\/p>\n<p>Il team di Sahara View Tours<\/p>\n<p>&nbsp;<\/p>\n","protected":false},"excerpt":{"rendered":"<p>&nbsp; Siamo felici di rispondere alle vostre domande, qui abbiamo raccolto quelle pi\u00f9 ricorrenti. Perch\u00e9 scegliere voi? Conosciamo il territorio profondamente, sappiamo come muoverci. Lavoriamo nel turismo da tanti anni e abbiamo esperienza anche dall&#8217;altro lato: quello di chi viaggia. Soprattutto siamo molto simpatici. \ud83d\ude42 L\u2019assicurazione \u00e8 inclusa nel viaggio? No, l\u2019assicurazione non \u00e8 inclusa, [&hellip;]<\/p>\n","protected":false},"author":1,"featured_media":459,"parent":0,"menu_order":0,"comment_status":"closed","ping_status":"closed","template":"","meta":{"om_disable_all_campaigns":false,"_monsterinsights_skip_tracking":false,"_monsterinsights_sitenote_active":false,"_monsterinsights_sitenote_note":"","_monsterinsights_sitenote_category":0,"footnotes":""},"class_list":["post-447","page","type-page","status-publish","has-post-thumbnail","hentry"],"yoast_head":"<!-- This site is optimized with the Yoast SEO plugin v27.3 - https:\/\/yoast.com\/product\/yoast-seo-wordpress\/ -->\n<title>FAQ -<\/title>\n<meta name=\"robots\" content=\"index, follow, max-snippet:-1, max-image-preview:large, max-video-preview:-1\" \/>\n<link rel=\"canonical\" href=\"https:\/\/saharaviewtours.com\/it\/faq\/\" \/>\n<meta property=\"og:locale\" content=\"it_IT\" \/>\n<meta property=\"og:type\" content=\"article\" \/>\n<meta property=\"og:title\" content=\"FAQ -\" \/>\n<meta property=\"og:description\" content=\"&nbsp; Siamo felici di rispondere alle vostre domande, qui abbiamo raccolto quelle pi\u00f9 ricorrenti. Perch\u00e9 scegliere voi? Conosciamo il territorio profondamente, sappiamo come muoverci. Lavoriamo nel turismo da tanti anni e abbiamo esperienza anche dall&#8217;altro lato: quello di chi viaggia. Soprattutto siamo molto simpatici. \ud83d\ude42 L\u2019assicurazione \u00e8 inclusa nel viaggio? No, l\u2019assicurazione non \u00e8 inclusa, [&hellip;]\" \/>\n<meta property=\"og:url\" content=\"https:\/\/saharaviewtours.com\/it\/faq\/\" \/>\n<meta property=\"article:modified_time\" content=\"2024-07-27T17:35:46+00:00\" \/>\n<meta property=\"og:image\" content=\"https:\/\/saharaviewtours.com\/it\/wp-content\/uploads\/2022\/04\/niklas-schweinzer-VqouWpsuziE-unsplash-scaled.jpg\" \/>\n\t<meta property=\"og:image:width\" content=\"2560\" \/>\n\t<meta property=\"og:image:height\" content=\"1706\" \/>\n\t<meta property=\"og:image:type\" content=\"image\/jpeg\" \/>\n<meta name=\"twitter:card\" content=\"summary_large_image\" \/>\n<meta name=\"twitter:label1\" content=\"Tempo di lettura stimato\" \/>\n\t<meta name=\"twitter:data1\" content=\"4 minuti\" \/>\n<script type=\"application\/ld+json\" class=\"yoast-schema-graph\">{\"@context\":\"https:\\\/\\\/schema.org\",\"@graph\":[{\"@type\":\"WebPage\",\"@id\":\"https:\\\/\\\/saharaviewtours.com\\\/it\\\/faq\\\/\",\"url\":\"https:\\\/\\\/saharaviewtours.com\\\/it\\\/faq\\\/\",\"name\":\"FAQ -\",\"isPartOf\":{\"@id\":\"https:\\\/\\\/saharaviewtours.com\\\/it\\\/#website\"},\"primaryImageOfPage\":{\"@id\":\"https:\\\/\\\/saharaviewtours.com\\\/it\\\/faq\\\/#primaryimage\"},\"image\":{\"@id\":\"https:\\\/\\\/saharaviewtours.com\\\/it\\\/faq\\\/#primaryimage\"},\"thumbnailUrl\":\"https:\\\/\\\/saharaviewtours.com\\\/it\\\/wp-content\\\/uploads\\\/2022\\\/04\\\/niklas-schweinzer-VqouWpsuziE-unsplash-scaled.jpg\",\"datePublished\":\"2022-04-30T17:22:35+00:00\",\"dateModified\":\"2024-07-27T17:35:46+00:00\",\"breadcrumb\":{\"@id\":\"https:\\\/\\\/saharaviewtours.com\\\/it\\\/faq\\\/#breadcrumb\"},\"inLanguage\":\"it-IT\",\"potentialAction\":[{\"@type\":\"ReadAction\",\"target\":[\"https:\\\/\\\/saharaviewtours.com\\\/it\\\/faq\\\/\"]}]},{\"@type\":\"ImageObject\",\"inLanguage\":\"it-IT\",\"@id\":\"https:\\\/\\\/saharaviewtours.com\\\/it\\\/faq\\\/#primaryimage\",\"url\":\"https:\\\/\\\/saharaviewtours.com\\\/it\\\/wp-content\\\/uploads\\\/2022\\\/04\\\/niklas-schweinzer-VqouWpsuziE-unsplash-scaled.jpg\",\"contentUrl\":\"https:\\\/\\\/saharaviewtours.com\\\/it\\\/wp-content\\\/uploads\\\/2022\\\/04\\\/niklas-schweinzer-VqouWpsuziE-unsplash-scaled.jpg\",\"width\":2560,\"height\":1706,\"caption\":\"Rabat\"},{\"@type\":\"BreadcrumbList\",\"@id\":\"https:\\\/\\\/saharaviewtours.com\\\/it\\\/faq\\\/#breadcrumb\",\"itemListElement\":[{\"@type\":\"ListItem\",\"position\":1,\"name\":\"Home\",\"item\":\"https:\\\/\\\/saharaviewtours.com\\\/it\\\/\"},{\"@type\":\"ListItem\",\"position\":2,\"name\":\"FAQ\"}]},{\"@type\":\"WebSite\",\"@id\":\"https:\\\/\\\/saharaviewtours.com\\\/it\\\/#website\",\"url\":\"https:\\\/\\\/saharaviewtours.com\\\/it\\\/\",\"name\":\"\",\"description\":\"Tour privati in Marocco\",\"potentialAction\":[{\"@type\":\"SearchAction\",\"target\":{\"@type\":\"EntryPoint\",\"urlTemplate\":\"https:\\\/\\\/saharaviewtours.com\\\/it\\\/?s={search_term_string}\"},\"query-input\":{\"@type\":\"PropertyValueSpecification\",\"valueRequired\":true,\"valueName\":\"search_term_string\"}}],\"inLanguage\":\"it-IT\"}]}<\/script>\n<!-- \/ Yoast SEO plugin. -->","yoast_head_json":{"title":"FAQ -","robots":{"index":"index","follow":"follow","max-snippet":"max-snippet:-1","max-image-preview":"max-image-preview:large","max-video-preview":"max-video-preview:-1"},"canonical":"https:\/\/saharaviewtours.com\/it\/faq\/","og_locale":"it_IT","og_type":"article","og_title":"FAQ -","og_description":"&nbsp; Siamo felici di rispondere alle vostre domande, qui abbiamo raccolto quelle pi\u00f9 ricorrenti. Perch\u00e9 scegliere voi? Conosciamo il territorio profondamente, sappiamo come muoverci. Lavoriamo nel turismo da tanti anni e abbiamo esperienza anche dall&#8217;altro lato: quello di chi viaggia. Soprattutto siamo molto simpatici. \ud83d\ude42 L\u2019assicurazione \u00e8 inclusa nel viaggio? No, l\u2019assicurazione non \u00e8 inclusa, [&hellip;]","og_url":"https:\/\/saharaviewtours.com\/it\/faq\/","article_modified_time":"2024-07-27T17:35:46+00:00","og_image":[{"width":2560,"height":1706,"url":"https:\/\/saharaviewtours.com\/it\/wp-content\/uploads\/2022\/04\/niklas-schweinzer-VqouWpsuziE-unsplash-scaled.jpg","type":"image\/jpeg"}],"twitter_card":"summary_large_image","twitter_misc":{"Tempo di lettura stimato":"4 minuti"},"schema":{"@context":"https:\/\/schema.org","@graph":[{"@type":"WebPage","@id":"https:\/\/saharaviewtours.com\/it\/faq\/","url":"https:\/\/saharaviewtours.com\/it\/faq\/","name":"FAQ -","isPartOf":{"@id":"https:\/\/saharaviewtours.com\/it\/#website"},"primaryImageOfPage":{"@id":"https:\/\/saharaviewtours.com\/it\/faq\/#primaryimage"},"image":{"@id":"https:\/\/saharaviewtours.com\/it\/faq\/#primaryimage"},"thumbnailUrl":"https:\/\/saharaviewtours.com\/it\/wp-content\/uploads\/2022\/04\/niklas-schweinzer-VqouWpsuziE-unsplash-scaled.jpg","datePublished":"2022-04-30T17:22:35+00:00","dateModified":"2024-07-27T17:35:46+00:00","breadcrumb":{"@id":"https:\/\/saharaviewtours.com\/it\/faq\/#breadcrumb"},"inLanguage":"it-IT","potentialAction":[{"@type":"ReadAction","target":["https:\/\/saharaviewtours.com\/it\/faq\/"]}]},{"@type":"ImageObject","inLanguage":"it-IT","@id":"https:\/\/saharaviewtours.com\/it\/faq\/#primaryimage","url":"https:\/\/saharaviewtours.com\/it\/wp-content\/uploads\/2022\/04\/niklas-schweinzer-VqouWpsuziE-unsplash-scaled.jpg","contentUrl":"https:\/\/saharaviewtours.com\/it\/wp-content\/uploads\/2022\/04\/niklas-schweinzer-VqouWpsuziE-unsplash-scaled.jpg","width":2560,"height":1706,"caption":"Rabat"},{"@type":"BreadcrumbList","@id":"https:\/\/saharaviewtours.com\/it\/faq\/#breadcrumb","itemListElement":[{"@type":"ListItem","position":1,"name":"Home","item":"https:\/\/saharaviewtours.com\/it\/"},{"@type":"ListItem","position":2,"name":"FAQ"}]},{"@type":"WebSite","@id":"https:\/\/saharaviewtours.com\/it\/#website","url":"https:\/\/saharaviewtours.com\/it\/","name":"","description":"Tour privati in Marocco","potentialAction":[{"@type":"SearchAction","target":{"@type":"EntryPoint","urlTemplate":"https:\/\/saharaviewtours.com\/it\/?s={search_term_string}"},"query-input":{"@type":"PropertyValueSpecification","valueRequired":true,"valueName":"search_term_string"}}],"inLanguage":"it-IT"}]}},"_links":{"self":[{"href":"https:\/\/saharaviewtours.com\/it\/wp-json\/wp\/v2\/pages\/447","targetHints":{"allow":["GET"]}}],"collection":[{"href":"https:\/\/saharaviewtours.com\/it\/wp-json\/wp\/v2\/pages"}],"about":[{"href":"https:\/\/saharaviewtours.com\/it\/wp-json\/wp\/v2\/types\/page"}],"author":[{"embeddable":true,"href":"https:\/\/saharaviewtours.com\/it\/wp-json\/wp\/v2\/users\/1"}],"replies":[{"embeddable":true,"href":"https:\/\/saharaviewtours.com\/it\/wp-json\/wp\/v2\/comments?post=447"}],"version-history":[{"count":14,"href":"https:\/\/saharaviewtours.com\/it\/wp-json\/wp\/v2\/pages\/447\/revisions"}],"predecessor-version":[{"id":986,"href":"https:\/\/saharaviewtours.com\/it\/wp-json\/wp\/v2\/pages\/447\/revisions\/986"}],"wp:featuredmedia":[{"embeddable":true,"href":"https:\/\/saharaviewtours.com\/it\/wp-json\/wp\/v2\/media\/459"}],"wp:attachment":[{"href":"https:\/\/saharaviewtours.com\/it\/wp-json\/wp\/v2\/media?parent=447"}],"curies":[{"name":"wp","href":"https:\/\/api.w.org\/{rel}","templated":true}]}}